{"id":34,"date":"2024-12-23T07:09:27","date_gmt":"2024-12-23T07:09:27","guid":{"rendered":"https:\/\/solecito.pl\/o-mnie\/"},"modified":"2025-04-29T11:11:16","modified_gmt":"2025-04-29T11:11:16","slug":"o-mnie","status":"publish","type":"page","link":"https:\/\/solecito.pl\/en\/o-mnie\/","title":{"rendered":"O mnie"},"content":{"rendered":"<div data-elementor-type=\"wp-post\" data-elementor-id=\"34\" class=\"elementor elementor-34\">\n\t\t\t\t\t\t<section class=\"elementor-section elementor-top-section elementor-element elementor-element-470e4ee7 elementor-section-boxed elementor-section-height-default elementor-section-height-default\" data-id=\"470e4ee7\" data-element_type=\"section\" data-settings=\"{&quot;background_background&quot;:&quot;classic&quot;}\">\n\t\t\t\t\t\t\t<div class=\"elementor-background-overlay\"><\/div>\n\t\t\t\t\t\t\t<div class=\"elementor-container elementor-column-gap-default\">\n\t\t\t\t\t<div class=\"elementor-column elementor-col-100 elementor-top-column elementor-element elementor-element-37869ccc\" data-id=\"37869ccc\" data-element_type=\"column\">\n\t\t\t<div class=\"elementor-widget-wrap elementor-element-populated\">\n\t\t\t\t\t\t<div class=\"elementor-element elementor-element-68e838b5 elementor-widget elementor-widget-heading\" data-id=\"68e838b5\" data-element_type=\"widget\" data-widget_type=\"heading.default\">\n\t\t\t\t<div class=\"elementor-widget-container\">\n\t\t\t\t\t<h1 class=\"elementor-heading-title elementor-size-default\">O mnie<\/h1>\t\t\t\t<\/div>\n\t\t\t\t<\/div>\n\t\t\t\t<div class=\"elementor-element elementor-element-609f9277 elementor-widget-divider--view-line elementor-widget elementor-widget-divider\" data-id=\"609f9277\" data-element_type=\"widget\" data-widget_type=\"divider.default\">\n\t\t\t\t<div class=\"elementor-widget-container\">\n\t\t\t\t\t\t\t<div class=\"elementor-divider\">\n\t\t\t<span class=\"elementor-divider-separator\">\n\t\t\t\t\t\t<\/span>\n\t\t<\/div>\n\t\t\t\t\t\t<\/div>\n\t\t\t\t<\/div>\n\t\t\t\t\t<\/div>\n\t\t<\/div>\n\t\t\t\t\t<\/div>\n\t\t<\/section>\n\t\t\t\t<section class=\"elementor-section elementor-top-section elementor-element elementor-element-4b8b3344 elementor-section-boxed elementor-section-height-default elementor-section-height-default\" data-id=\"4b8b3344\" data-element_type=\"section\">\n\t\t\t\t\t\t<div class=\"elementor-container elementor-column-gap-default\">\n\t\t\t\t\t<div class=\"elementor-column elementor-col-50 elementor-top-column elementor-element elementor-element-34fa56e\" data-id=\"34fa56e\" data-element_type=\"column\">\n\t\t\t<div class=\"elementor-widget-wrap elementor-element-populated\">\n\t\t\t\t\t\t<div class=\"elementor-element elementor-element-25d987e7 elementor-widget elementor-widget-image\" data-id=\"25d987e7\" data-element_type=\"widget\" data-widget_type=\"image.default\">\n\t\t\t\t<div class=\"elementor-widget-container\">\n\t\t\t\t\t\t\t\t\t\t\t\t<figure class=\"wp-caption\">\n\t\t\t\t\t\t\t\t\t\t<img fetchpriority=\"high\" decoding=\"async\" width=\"768\" height=\"1024\" src=\"https:\/\/solecito.pl\/wp-content\/uploads\/2025\/01\/O-MNIE-768x1024.jpeg\" class=\"attachment-large size-large wp-image-91\" alt=\"Uko\u0144czy\u0142am\" srcset=\"https:\/\/solecito.pl\/wp-content\/uploads\/2025\/01\/O-MNIE-768x1024.jpeg 768w, https:\/\/solecito.pl\/wp-content\/uploads\/2025\/01\/O-MNIE-225x300.jpeg 225w, https:\/\/solecito.pl\/wp-content\/uploads\/2025\/01\/O-MNIE-1152x1536.jpeg 1152w, https:\/\/solecito.pl\/wp-content\/uploads\/2025\/01\/O-MNIE.jpeg 1536w\" sizes=\"(max-width: 768px) 100vw, 768px\" \/>\t\t\t\t\t\t\t\t\t\t\t<figcaption class=\"widget-image-caption wp-caption-text\"><\/figcaption>\n\t\t\t\t\t\t\t\t\t\t<\/figure>\n\t\t\t\t\t\t\t\t\t<\/div>\n\t\t\t\t<\/div>\n\t\t\t\t\t<\/div>\n\t\t<\/div>\n\t\t\t\t<div class=\"elementor-column elementor-col-50 elementor-top-column elementor-element elementor-element-6718695b\" data-id=\"6718695b\" data-element_type=\"column\">\n\t\t\t<div class=\"elementor-widget-wrap elementor-element-populated\">\n\t\t\t\t\t\t<div class=\"elementor-element elementor-element-69ef7fc3 elementor-widget elementor-widget-heading\" data-id=\"69ef7fc3\" data-element_type=\"widget\" data-widget_type=\"heading.default\">\n\t\t\t\t<div class=\"elementor-widget-container\">\n\t\t\t\t\t<h3 class=\"elementor-heading-title elementor-size-default\">Anna Czerepi\u0144ska<\/h3>\t\t\t\t<\/div>\n\t\t\t\t<\/div>\n\t\t\t\t<div class=\"elementor-element elementor-element-3903fb31 elementor-widget-divider--view-line elementor-widget elementor-widget-divider\" data-id=\"3903fb31\" data-element_type=\"widget\" data-widget_type=\"divider.default\">\n\t\t\t\t<div class=\"elementor-widget-container\">\n\t\t\t\t\t\t\t<div class=\"elementor-divider\">\n\t\t\t<span class=\"elementor-divider-separator\">\n\t\t\t\t\t\t<\/span>\n\t\t<\/div>\n\t\t\t\t\t\t<\/div>\n\t\t\t\t<\/div>\n\t\t\t\t<div class=\"elementor-element elementor-element-5639cf4e elementor-widget elementor-widget-text-editor\" data-id=\"5639cf4e\" data-element_type=\"widget\" data-widget_type=\"text-editor.default\">\n\t\t\t\t<div class=\"elementor-widget-container\">\n\t\t\t\t\t\t\t\t\t<p><strong>Skupiam swoj\u0105 uwag\u0119 na Kliencie, wsp\u00f3\u0142pracuj\u0119 w oparciu o jego warto\u015bci\u00a0i potrzeby. Mam ogromn\u0105 ciekawo\u015b\u0107 spotkania z drug\u0105 Osob\u0105 i poznania jej \u015bwiata stosuj\u0105c si\u0119 jednocze\u015bnie do zasady zachowania poufno\u015bci i etyki.<\/strong><\/p><p>Uko\u0144czy\u0142am pi\u0119cioletnie studia magisterskie na kierunku psychologia o specjalno\u015bci psychologia kliniczna i osobowo\u015bci. Jestem terapeutk\u0105 TSR w procesie certyfikacji oraz cz\u0142onkiem Polskiego Stowarzyszenia Terapeut\u00f3w Terapii Skoncentrowanej na Rozwi\u0105zaniach.<\/p><p>Nieustannie podnosz\u0119 swoje kwalifikacje poprzez uczestnictwo w licznych kursach, szkoleniach, konferencjach, kt\u00f3re pozwalaj\u0105 na doskonalenie mojego warsztatu w kontek\u015bcie terapii oraz diagnozy. Rozwijanie swojej pasji \u0142\u0105czy si\u0119 ze zdobywaniem i poszerzaniem wiedzy.\u00a0<\/p><p>Do\u015bwiadczenie kliniczne zdobywa\u0142am m.in. w Klinicznym Oddziale Psychiatrycznym, Powiatowym Centrum Pomocy Rodzinie oraz Poradni Zdrowia Psychicznego.<\/p><p>Na co dzie\u0144 wsp\u00f3\u0142pracuj\u0119 indywidualnie z osobami doros\u0142ymi oraz z parami w j\u0119zyku polskim i angielskim. Swoj\u0105 prac\u0119 poddaj\u0119 regularnej superwizji.<\/p>\t\t\t\t\t\t\t\t<\/div>\n\t\t\t\t<\/div>\n\t\t\t\t\t<\/div>\n\t\t<\/div>\n\t\t\t\t\t<\/div>\n\t\t<\/section>\n\t\t\t\t<\/div>","protected":false},"excerpt":{"rendered":"<p>O mnie Anna Czerepi\u0144ska Skupiam swoj\u0105 uwag\u0119 na Kliencie, wsp\u00f3\u0142pracuj\u0119 w oparciu o jego warto\u015bci\u00a0i potrzeby. Mam ogromn\u0105 ciekawo\u015b\u0107 spotkania z drug\u0105 Osob\u0105 i poznania jej \u015bwiata stosuj\u0105c si\u0119 jednocze\u015bnie do zasady zachowania poufno\u015bci i etyki. Uko\u0144czy\u0142am pi\u0119cioletnie studia magisterskie na kierunku psychologia o specjalno\u015bci psychologia kliniczna i osobowo\u015bci. Jestem terapeutk\u0105 TSR w procesie certyfikacji [&hellip;]<\/p>","protected":false},"author":1,"featured_media":0,"parent":0,"menu_order":0,"comment_status":"closed","ping_status":"closed","template":"","meta":{"site-sidebar-layout":"no-sidebar","site-content-layout":"page-builder","ast-site-content-layout":"","site-content-style":"default","site-sidebar-style":"default","ast-global-header-display":"","ast-banner-title-visibility":"","ast-main-header-display":"","ast-hfb-above-header-display":"","ast-hfb-below-header-display":"","ast-hfb-mobile-header-display":"","site-post-title":"disabled","ast-breadcrumbs-content":"disabled","ast-featured-img":"disabled","footer-sml-layout":"","theme-transparent-header-meta":"disabled","adv-header-id-meta":"","stick-header-meta":"","header-above-stick-meta":"","header-main-stick-meta":"","header-below-stick-meta":"","astra-migrate-meta-layouts":"default","ast-page-background-enabled":"default","ast-page-background-meta":{"desktop":{"background-color":"","background-image":"","background-repeat":"repeat","background-position":"center center","background-size":"auto","background-attachment":"scroll","background-type":"","background-media":"","overlay-type":"","overlay-color":"","overlay-opacity":"","overlay-gradient":""},"tablet":{"background-color":"","background-image":"","background-repeat":"repeat","background-position":"center center","background-size":"auto","background-attachment":"scroll","background-type":"","background-media":"","overlay-type":"","overlay-color":"","overlay-opacity":"","overlay-gradient":""},"mobile":{"background-color":"","background-image":"","background-repeat":"repeat","background-position":"center center","background-size":"auto","background-attachment":"scroll","background-type":"","background-media":"","overlay-type":"","overlay-color":"","overlay-opacity":"","overlay-gradient":""}},"ast-content-background-meta":{"desktop":{"background-color":"var(--ast-global-color-5)","background-image":"","background-repeat":"repeat","background-position":"center center","background-size":"auto","background-attachment":"scroll","background-type":"","background-media":"","overlay-type":"","overlay-color":"","overlay-opacity":"","overlay-gradient":""},"tablet":{"background-color":"var(--ast-global-color-5)","background-image":"","background-repeat":"repeat","background-position":"center center","background-size":"auto","background-attachment":"scroll","background-type":"","background-media":"","overlay-type":"","overlay-color":"","overlay-opacity":"","overlay-gradient":""},"mobile":{"background-color":"var(--ast-global-color-5)","background-image":"","background-repeat":"repeat","background-position":"center center","background-size":"auto","background-attachment":"scroll","background-type":"","background-media":"","overlay-type":"","overlay-color":"","overlay-opacity":"","overlay-gradient":""}},"footnotes":""},"class_list":["post-34","page","type-page","status-publish","hentry"],"_links":{"self":[{"href":"https:\/\/solecito.pl\/en\/wp-json\/wp\/v2\/pages\/34","targetHints":{"allow":["GET"]}}],"collection":[{"href":"https:\/\/solecito.pl\/en\/wp-json\/wp\/v2\/pages"}],"about":[{"href":"https:\/\/solecito.pl\/en\/wp-json\/wp\/v2\/types\/page"}],"author":[{"embeddable":true,"href":"https:\/\/solecito.pl\/en\/wp-json\/wp\/v2\/users\/1"}],"replies":[{"embeddable":true,"href":"https:\/\/solecito.pl\/en\/wp-json\/wp\/v2\/comments?post=34"}],"version-history":[{"count":64,"href":"https:\/\/solecito.pl\/en\/wp-json\/wp\/v2\/pages\/34\/revisions"}],"predecessor-version":[{"id":484,"href":"https:\/\/solecito.pl\/en\/wp-json\/wp\/v2\/pages\/34\/revisions\/484"}],"wp:attachment":[{"href":"https:\/\/solecito.pl\/en\/wp-json\/wp\/v2\/media?parent=34"}],"curies":[{"name":"wp","href":"https:\/\/api.w.org\/{rel}","templated":true}]}}