{"id":31,"date":"2024-12-23T07:09:27","date_gmt":"2024-12-23T07:09:27","guid":{"rendered":"https:\/\/solecito.pl\/oferta\/"},"modified":"2025-04-24T14:42:34","modified_gmt":"2025-04-24T14:42:34","slug":"oferta","status":"publish","type":"page","link":"https:\/\/solecito.pl\/en\/oferta\/","title":{"rendered":"Oferta"},"content":{"rendered":"<div data-elementor-type=\"wp-post\" data-elementor-id=\"31\" class=\"elementor elementor-31\">\n\t\t\t\t\t\t<section class=\"elementor-section elementor-top-section elementor-element elementor-element-ee0fd21 elementor-section-boxed elementor-section-height-default elementor-section-height-default\" data-id=\"ee0fd21\" data-element_type=\"section\" data-settings=\"{&quot;background_background&quot;:&quot;classic&quot;}\">\n\t\t\t\t\t\t\t<div class=\"elementor-background-overlay\"><\/div>\n\t\t\t\t\t\t\t<div class=\"elementor-container elementor-column-gap-default\">\n\t\t\t\t\t<div class=\"elementor-column elementor-col-100 elementor-top-column elementor-element elementor-element-a0dbc1c\" data-id=\"a0dbc1c\" data-element_type=\"column\">\n\t\t\t<div class=\"elementor-widget-wrap elementor-element-populated\">\n\t\t\t\t\t\t<div class=\"elementor-element elementor-element-6c76b46 elementor-widget elementor-widget-heading\" data-id=\"6c76b46\" data-element_type=\"widget\" data-widget_type=\"heading.default\">\n\t\t\t\t<div class=\"elementor-widget-container\">\n\t\t\t\t\t<h1 class=\"elementor-heading-title elementor-size-default\">Oferta<\/h1>\t\t\t\t<\/div>\n\t\t\t\t<\/div>\n\t\t\t\t<div class=\"elementor-element elementor-element-48d9411 elementor-widget-divider--view-line elementor-widget elementor-widget-divider\" data-id=\"48d9411\" data-element_type=\"widget\" data-widget_type=\"divider.default\">\n\t\t\t\t<div class=\"elementor-widget-container\">\n\t\t\t\t\t\t\t<div class=\"elementor-divider\">\n\t\t\t<span class=\"elementor-divider-separator\">\n\t\t\t\t\t\t<\/span>\n\t\t<\/div>\n\t\t\t\t\t\t<\/div>\n\t\t\t\t<\/div>\n\t\t\t\t\t<\/div>\n\t\t<\/div>\n\t\t\t\t\t<\/div>\n\t\t<\/section>\n\t\t\t\t<section class=\"elementor-section elementor-top-section elementor-element elementor-element-42ea0b0f elementor-section-boxed elementor-section-height-default elementor-section-height-default\" data-id=\"42ea0b0f\" data-element_type=\"section\" id=\"port1\">\n\t\t\t\t\t\t<div class=\"elementor-container elementor-column-gap-default\">\n\t\t\t\t\t<div class=\"elementor-column elementor-col-50 elementor-top-column elementor-element elementor-element-152335cb\" data-id=\"152335cb\" data-element_type=\"column\">\n\t\t\t<div class=\"elementor-widget-wrap elementor-element-populated\">\n\t\t\t\t\t\t<div class=\"elementor-element elementor-element-22b1855a elementor-widget elementor-widget-image\" data-id=\"22b1855a\" data-element_type=\"widget\" data-widget_type=\"image.default\">\n\t\t\t\t<div class=\"elementor-widget-container\">\n\t\t\t\t\t\t\t\t\t\t\t\t\t\t\t<img fetchpriority=\"high\" decoding=\"async\" width=\"683\" height=\"1024\" src=\"https:\/\/solecito.pl\/wp-content\/uploads\/2025\/01\/TERAPIA-DLA-1-683x1024.jpg\" class=\"attachment-large size-large wp-image-151\" alt=\"\" srcset=\"https:\/\/solecito.pl\/wp-content\/uploads\/2025\/01\/TERAPIA-DLA-1-683x1024.jpg 683w, https:\/\/solecito.pl\/wp-content\/uploads\/2025\/01\/TERAPIA-DLA-1-200x300.jpg 200w, https:\/\/solecito.pl\/wp-content\/uploads\/2025\/01\/TERAPIA-DLA-1-768x1152.jpg 768w, https:\/\/solecito.pl\/wp-content\/uploads\/2025\/01\/TERAPIA-DLA-1-1024x1536.jpg 1024w, https:\/\/solecito.pl\/wp-content\/uploads\/2025\/01\/TERAPIA-DLA-1-1365x2048.jpg 1365w, https:\/\/solecito.pl\/wp-content\/uploads\/2025\/01\/TERAPIA-DLA-1-scaled.jpg 1707w\" sizes=\"(max-width: 683px) 100vw, 683px\" \/>\t\t\t\t\t\t\t\t\t\t\t\t\t\t\t<\/div>\n\t\t\t\t<\/div>\n\t\t\t\t\t<\/div>\n\t\t<\/div>\n\t\t\t\t<div class=\"elementor-column elementor-col-50 elementor-top-column elementor-element elementor-element-45e6e87e\" data-id=\"45e6e87e\" data-element_type=\"column\">\n\t\t\t<div class=\"elementor-widget-wrap elementor-element-populated\">\n\t\t\t\t\t\t<div class=\"elementor-element elementor-element-23efb6d8 elementor-widget elementor-widget-heading\" data-id=\"23efb6d8\" data-element_type=\"widget\" data-widget_type=\"heading.default\">\n\t\t\t\t<div class=\"elementor-widget-container\">\n\t\t\t\t\t<h3 class=\"elementor-heading-title elementor-size-default\">Terapia indywidualna<\/h3>\t\t\t\t<\/div>\n\t\t\t\t<\/div>\n\t\t\t\t<div class=\"elementor-element elementor-element-4989c09d elementor-widget-divider--view-line elementor-widget elementor-widget-divider\" data-id=\"4989c09d\" data-element_type=\"widget\" data-widget_type=\"divider.default\">\n\t\t\t\t<div class=\"elementor-widget-container\">\n\t\t\t\t\t\t\t<div class=\"elementor-divider\">\n\t\t\t<span class=\"elementor-divider-separator\">\n\t\t\t\t\t\t<\/span>\n\t\t<\/div>\n\t\t\t\t\t\t<\/div>\n\t\t\t\t<\/div>\n\t\t\t\t<div class=\"elementor-element elementor-element-7184bb3b elementor-widget elementor-widget-text-editor\" data-id=\"7184bb3b\" data-element_type=\"widget\" data-widget_type=\"text-editor.default\">\n\t\t\t\t<div class=\"elementor-widget-container\">\n\t\t\t\t\t\t\t\t\t<p>Wsp\u00f3\u0142pracuj\u0119 z osobami doros\u0142ymi poprzez wzmacnianie indywidualnych zasob\u00f3w. Ekspertem od swojego \u017cycia jest Klient. To On\/Ona posiada zasoby do osi\u0105gni\u0119cia swojego celu, \u201euszytego na swoj\u0105 miar\u0119\u201d. Ja jako psycholog i terapeutka wspieram i towarzysz\u0119 Klientowi na drodze do:<\/p><ul><li>identyfikowania w\u0142asnych potrzeb,<\/li><li>budowania oraz poprawiania relacji z innymi,<\/li><li>eksplorowaniu w\u0142asnych mocnych stron i mo\u017cliwo\u015bci oraz wykorzystywania ich w celu rozwoju zawodowego jak i osobistego,<br \/>odnajdowania preferowanej przysz\u0142o\u015bci,<\/li><li>tworzenia efektywnych strategii radzenia sobie ze stresem,<\/li><li>odzyskania motywacji,<\/li><li>planowania krok\u00f3w w celu osi\u0105gni\u0119cia \u017cyciowych zmian,<\/li><li>odkrywania i modelowania rozwi\u0105za\u0144 w momentach kryzysu,<\/li><li>zmian nawyk\u00f3w,<\/li><li>poprawy jako\u015bci \u017cycia.<\/li><\/ul>\t\t\t\t\t\t\t\t<\/div>\n\t\t\t\t<\/div>\n\t\t\t\t\t<\/div>\n\t\t<\/div>\n\t\t\t\t\t<\/div>\n\t\t<\/section>\n\t\t\t\t<section class=\"elementor-section elementor-top-section elementor-element elementor-element-5f9d6125 elementor-section-boxed elementor-section-height-default elementor-section-height-default\" data-id=\"5f9d6125\" data-element_type=\"section\" id=\"port2\">\n\t\t\t\t\t\t<div class=\"elementor-container elementor-column-gap-default\">\n\t\t\t\t\t<div class=\"elementor-column elementor-col-50 elementor-top-column elementor-element elementor-element-5b0d8ae5\" data-id=\"5b0d8ae5\" data-element_type=\"column\">\n\t\t\t<div class=\"elementor-widget-wrap elementor-element-populated\">\n\t\t\t\t\t\t<div class=\"elementor-element elementor-element-3c6ef881 elementor-widget elementor-widget-heading\" data-id=\"3c6ef881\" data-element_type=\"widget\" data-widget_type=\"heading.default\">\n\t\t\t\t<div class=\"elementor-widget-container\">\n\t\t\t\t\t<h3 class=\"elementor-heading-title elementor-size-default\">Terapia par<\/h3>\t\t\t\t<\/div>\n\t\t\t\t<\/div>\n\t\t\t\t<div class=\"elementor-element elementor-element-7814d48 elementor-widget-divider--view-line elementor-widget elementor-widget-divider\" data-id=\"7814d48\" data-element_type=\"widget\" data-widget_type=\"divider.default\">\n\t\t\t\t<div class=\"elementor-widget-container\">\n\t\t\t\t\t\t\t<div class=\"elementor-divider\">\n\t\t\t<span class=\"elementor-divider-separator\">\n\t\t\t\t\t\t<\/span>\n\t\t<\/div>\n\t\t\t\t\t\t<\/div>\n\t\t\t\t<\/div>\n\t\t\t\t<div class=\"elementor-element elementor-element-2b7f274b elementor-widget elementor-widget-text-editor\" data-id=\"2b7f274b\" data-element_type=\"widget\" data-widget_type=\"text-editor.default\">\n\t\t\t\t<div class=\"elementor-widget-container\">\n\t\t\t\t\t\t\t\t\t<p>W trakcie terapii\u00a0 towarzysz\u0119 relacji sk\u0142adaj\u0105cej si\u0119 z dw\u00f3ch os\u00f3b, kt\u00f3rych \u0142\u0105czy wsp\u00f3lna wi\u0119\u017a. Zatem, zapraszam do wsp\u00f3\u0142pracy nie tylko pary ma\u0142\u017ce\u0144skie, zwi\u0105zki partnerskie, ale tak\u017ce np. rodze\u0144stwa, czy pary przyjaci\u00f3\u0142. Ka\u017cda z tych os\u00f3b ma sw\u00f3j wk\u0142ad w budowaniu i funkcjonowaniu relacji.<\/p><p>Wsparcie terapeutyczne mo\u017ce okaza\u0107 si\u0119 u\u017cyteczne:<\/p><ul><li>kiedy pojawiaj\u0105 si\u0119, trudno\u015bci, a para chce nauczy\u0107 si\u0119 swobodnie i otwarcie rozmawia\u0107 o potrzebach oraz emocjach i zale\u017cy im na poprawie wzajemnego zrozumienia,<\/li><li>w obliczu rozstania, czy rozwodu.<\/li><\/ul><p>\u00a0<\/p>\t\t\t\t\t\t\t\t<\/div>\n\t\t\t\t<\/div>\n\t\t\t\t\t<\/div>\n\t\t<\/div>\n\t\t\t\t<div class=\"elementor-column elementor-col-50 elementor-top-column elementor-element elementor-element-1d6a9adb\" data-id=\"1d6a9adb\" data-element_type=\"column\">\n\t\t\t<div class=\"elementor-widget-wrap elementor-element-populated\">\n\t\t\t\t\t\t<div class=\"elementor-element elementor-element-1b01c8f1 elementor-widget elementor-widget-image\" data-id=\"1b01c8f1\" data-element_type=\"widget\" data-widget_type=\"image.default\">\n\t\t\t\t<div class=\"elementor-widget-container\">\n\t\t\t\t\t\t\t\t\t\t\t\t\t\t\t<img decoding=\"async\" width=\"683\" height=\"1024\" src=\"https:\/\/solecito.pl\/wp-content\/uploads\/2025\/01\/TERAPIA-DLA-2-683x1024.jpg\" class=\"attachment-large size-large wp-image-155\" alt=\"\" srcset=\"https:\/\/solecito.pl\/wp-content\/uploads\/2025\/01\/TERAPIA-DLA-2-683x1024.jpg 683w, https:\/\/solecito.pl\/wp-content\/uploads\/2025\/01\/TERAPIA-DLA-2-200x300.jpg 200w, https:\/\/solecito.pl\/wp-content\/uploads\/2025\/01\/TERAPIA-DLA-2-768x1152.jpg 768w, https:\/\/solecito.pl\/wp-content\/uploads\/2025\/01\/TERAPIA-DLA-2-1024x1536.jpg 1024w, https:\/\/solecito.pl\/wp-content\/uploads\/2025\/01\/TERAPIA-DLA-2-1365x2048.jpg 1365w, https:\/\/solecito.pl\/wp-content\/uploads\/2025\/01\/TERAPIA-DLA-2-scaled.jpg 1707w\" sizes=\"(max-width: 683px) 100vw, 683px\" \/>\t\t\t\t\t\t\t\t\t\t\t\t\t\t\t<\/div>\n\t\t\t\t<\/div>\n\t\t\t\t\t<\/div>\n\t\t<\/div>\n\t\t\t\t\t<\/div>\n\t\t<\/section>\n\t\t\t\t<section class=\"elementor-section elementor-top-section elementor-element elementor-element-434e87f elementor-section-boxed elementor-section-height-default elementor-section-height-default\" data-id=\"434e87f\" data-element_type=\"section\" id=\"port3\">\n\t\t\t\t\t\t<div class=\"elementor-container elementor-column-gap-default\">\n\t\t\t\t\t<div class=\"elementor-column elementor-col-50 elementor-top-column elementor-element elementor-element-6481d2e\" data-id=\"6481d2e\" data-element_type=\"column\">\n\t\t\t<div class=\"elementor-widget-wrap elementor-element-populated\">\n\t\t\t\t\t\t<div class=\"elementor-element elementor-element-82b73ef elementor-widget elementor-widget-image\" data-id=\"82b73ef\" data-element_type=\"widget\" data-widget_type=\"image.default\">\n\t\t\t\t<div class=\"elementor-widget-container\">\n\t\t\t\t\t\t\t\t\t\t\t\t\t\t\t<img decoding=\"async\" width=\"683\" height=\"1024\" src=\"https:\/\/solecito.pl\/wp-content\/uploads\/2025\/01\/DIAGNOZA-683x1024.jpg\" class=\"attachment-large size-large wp-image-192\" alt=\"\" srcset=\"https:\/\/solecito.pl\/wp-content\/uploads\/2025\/01\/DIAGNOZA-683x1024.jpg 683w, https:\/\/solecito.pl\/wp-content\/uploads\/2025\/01\/DIAGNOZA-200x300.jpg 200w, https:\/\/solecito.pl\/wp-content\/uploads\/2025\/01\/DIAGNOZA-768x1152.jpg 768w, https:\/\/solecito.pl\/wp-content\/uploads\/2025\/01\/DIAGNOZA-1024x1536.jpg 1024w, https:\/\/solecito.pl\/wp-content\/uploads\/2025\/01\/DIAGNOZA-1365x2048.jpg 1365w, https:\/\/solecito.pl\/wp-content\/uploads\/2025\/01\/DIAGNOZA-scaled.jpg 1707w\" sizes=\"(max-width: 683px) 100vw, 683px\" \/>\t\t\t\t\t\t\t\t\t\t\t\t\t\t\t<\/div>\n\t\t\t\t<\/div>\n\t\t\t\t\t<\/div>\n\t\t<\/div>\n\t\t\t\t<div class=\"elementor-column elementor-col-50 elementor-top-column elementor-element elementor-element-50aa6bf\" data-id=\"50aa6bf\" data-element_type=\"column\">\n\t\t\t<div class=\"elementor-widget-wrap elementor-element-populated\">\n\t\t\t\t\t\t<div class=\"elementor-element elementor-element-a447d27 elementor-widget elementor-widget-heading\" data-id=\"a447d27\" data-element_type=\"widget\" data-widget_type=\"heading.default\">\n\t\t\t\t<div class=\"elementor-widget-container\">\n\t\t\t\t\t<h3 class=\"elementor-heading-title elementor-size-default\">Konsultacja psychologiczna\u200b<\/h3>\t\t\t\t<\/div>\n\t\t\t\t<\/div>\n\t\t\t\t<div class=\"elementor-element elementor-element-a31654a elementor-widget-divider--view-line elementor-widget elementor-widget-divider\" data-id=\"a31654a\" data-element_type=\"widget\" data-widget_type=\"divider.default\">\n\t\t\t\t<div class=\"elementor-widget-container\">\n\t\t\t\t\t\t\t<div class=\"elementor-divider\">\n\t\t\t<span class=\"elementor-divider-separator\">\n\t\t\t\t\t\t<\/span>\n\t\t<\/div>\n\t\t\t\t\t\t<\/div>\n\t\t\t\t<\/div>\n\t\t\t\t<div class=\"elementor-element elementor-element-94942f2 elementor-widget elementor-widget-text-editor\" data-id=\"94942f2\" data-element_type=\"widget\" data-widget_type=\"text-editor.default\">\n\t\t\t\t<div class=\"elementor-widget-container\">\n\t\t\t\t\t\t\t\t\t<p>Pierwsze spotkanie traktuj\u0119 jako zaproszenie do \u015bwiata klienta. B\u0119d\u0105c go\u015bciem mam ogromn\u0105 przyjemno\u015b\u0107 poznawania i towarzyszenia. Skupiam swoj\u0105 uwag\u0119 na zbieraniu informacji\u00a0 wnoszonych przez klienta. Taka rozmowa mo\u017ce mie\u0107 charakter drogowskazu do podj\u0119cia dalszych krok\u00f3w lub mo\u017ce by\u0107 wst\u0119pem do tworzenia planu dzia\u0142ania w celu realizacji okre\u015blonych za\u0142o\u017ce\u0144.<\/p>\t\t\t\t\t\t\t\t<\/div>\n\t\t\t\t<\/div>\n\t\t\t\t\t<\/div>\n\t\t<\/div>\n\t\t\t\t\t<\/div>\n\t\t<\/section>\n\t\t\t\t<\/div>","protected":false},"excerpt":{"rendered":"<p>Oferta Terapia indywidualna Wsp\u00f3\u0142pracuj\u0119 z osobami doros\u0142ymi poprzez wzmacnianie indywidualnych zasob\u00f3w. Ekspertem od swojego \u017cycia jest Klient. To On\/Ona posiada zasoby do osi\u0105gni\u0119cia swojego celu, \u201euszytego na swoj\u0105 miar\u0119\u201d. Ja jako psycholog i terapeutka wspieram i towarzysz\u0119 Klientowi na drodze do: identyfikowania w\u0142asnych potrzeb, budowania oraz poprawiania relacji z innymi, eksplorowaniu w\u0142asnych mocnych stron i [&hellip;]<\/p>","protected":false},"author":1,"featured_media":0,"parent":0,"menu_order":0,"comment_status":"closed","ping_status":"closed","template":"","meta":{"site-sidebar-layout":"no-sidebar","site-content-layout":"page-builder","ast-site-content-layout":"","site-content-style":"default","site-sidebar-style":"default","ast-global-header-display":"","ast-banner-title-visibility":"","ast-main-header-display":"","ast-hfb-above-header-display":"","ast-hfb-below-header-display":"","ast-hfb-mobile-header-display":"","site-post-title":"disabled","ast-breadcrumbs-content":"disabled","ast-featured-img":"disabled","footer-sml-layout":"","theme-transparent-header-meta":"disabled","adv-header-id-meta":"","stick-header-meta":"","header-above-stick-meta":"","header-main-stick-meta":"","header-below-stick-meta":"","astra-migrate-meta-layouts":"default","ast-page-background-enabled":"default","ast-page-background-meta":{"desktop":{"background-color":"","background-image":"","background-repeat":"repeat","background-position":"center center","background-size":"auto","background-attachment":"scroll","background-type":"","background-media":"","overlay-type":"","overlay-color":"","overlay-opacity":"","overlay-gradient":""},"tablet":{"background-color":"","background-image":"","background-repeat":"repeat","background-position":"center center","background-size":"auto","background-attachment":"scroll","background-type":"","background-media":"","overlay-type":"","overlay-color":"","overlay-opacity":"","overlay-gradient":""},"mobile":{"background-color":"","background-image":"","background-repeat":"repeat","background-position":"center center","background-size":"auto","background-attachment":"scroll","background-type":"","background-media":"","overlay-type":"","overlay-color":"","overlay-opacity":"","overlay-gradient":""}},"ast-content-background-meta":{"desktop":{"background-color":"var(--ast-global-color-5)","background-image":"","background-repeat":"repeat","background-position":"center center","background-size":"auto","background-attachment":"scroll","background-type":"","background-media":"","overlay-type":"","overlay-color":"","overlay-opacity":"","overlay-gradient":""},"tablet":{"background-color":"var(--ast-global-color-5)","background-image":"","background-repeat":"repeat","background-position":"center center","background-size":"auto","background-attachment":"scroll","background-type":"","background-media":"","overlay-type":"","overlay-color":"","overlay-opacity":"","overlay-gradient":""},"mobile":{"background-color":"var(--ast-global-color-5)","background-image":"","background-repeat":"repeat","background-position":"center center","background-size":"auto","background-attachment":"scroll","background-type":"","background-media":"","overlay-type":"","overlay-color":"","overlay-opacity":"","overlay-gradient":""}},"footnotes":""},"class_list":["post-31","page","type-page","status-publish","hentry"],"_links":{"self":[{"href":"https:\/\/solecito.pl\/en\/wp-json\/wp\/v2\/pages\/31","targetHints":{"allow":["GET"]}}],"collection":[{"href":"https:\/\/solecito.pl\/en\/wp-json\/wp\/v2\/pages"}],"about":[{"href":"https:\/\/solecito.pl\/en\/wp-json\/wp\/v2\/types\/page"}],"author":[{"embeddable":true,"href":"https:\/\/solecito.pl\/en\/wp-json\/wp\/v2\/users\/1"}],"replies":[{"embeddable":true,"href":"https:\/\/solecito.pl\/en\/wp-json\/wp\/v2\/comments?post=31"}],"version-history":[{"count":76,"href":"https:\/\/solecito.pl\/en\/wp-json\/wp\/v2\/pages\/31\/revisions"}],"predecessor-version":[{"id":474,"href":"https:\/\/solecito.pl\/en\/wp-json\/wp\/v2\/pages\/31\/revisions\/474"}],"wp:attachment":[{"href":"https:\/\/solecito.pl\/en\/wp-json\/wp\/v2\/media?parent=31"}],"curies":[{"name":"wp","href":"https:\/\/api.w.org\/{rel}","templated":true}]}}